{"id":9511,"date":"2022-12-07T11:28:13","date_gmt":"2022-12-07T17:28:13","guid":{"rendered":"https:\/\/fafg.org\/privacy-policy\/"},"modified":"2023-06-07T07:51:11","modified_gmt":"2023-06-07T13:51:11","slug":"privacy-policy","status":"publish","type":"page","link":"https:\/\/fafg.org\/en\/privacy-policy\/","title":{"rendered":"Privacy Policy"},"content":{"rendered":"\t\t<div data-elementor-type=\"wp-page\" data-elementor-id=\"9511\" class=\"elementor elementor-9511 elementor-3\" data-elementor-post-type=\"page\">\n\t\t\t\t\t\t<section class=\"elementor-section elementor-top-section elementor-element elementor-element-b4696de elementor-section-boxed elementor-section-height-default elementor-section-height-default\" data-id=\"b4696de\" data-element_type=\"section\" data-e-type=\"section\" data-settings=\"{&quot;jet_parallax_layout_list&quot;:[],&quot;background_background&quot;:&quot;gradient&quot;}\">\n\t\t\t\t\t\t<div class=\"elementor-container elementor-column-gap-default\">\n\t\t\t\t\t<div class=\"elementor-column elementor-col-100 elementor-top-column elementor-element elementor-element-2b88cac\" data-id=\"2b88cac\" data-element_type=\"column\" data-e-type=\"column\">\n\t\t\t<div class=\"elementor-widget-wrap elementor-element-populated\">\n\t\t\t\t\t\t<div class=\"elementor-element elementor-element-cfb2f0a elementor-widget elementor-widget-heading\" data-id=\"cfb2f0a\" data-element_type=\"widget\" data-e-type=\"widget\" data-widget_type=\"heading.default\">\n\t\t\t\t<div class=\"elementor-widget-container\">\n\t\t\t\t\t<h1 class=\"elementor-heading-title elementor-size-default\">Privacy Policy<\/h1>\t\t\t\t<\/div>\n\t\t\t\t<\/div>\n\t\t\t\t\t<\/div>\n\t\t<\/div>\n\t\t\t\t\t<\/div>\n\t\t<\/section>\n\t\t\t\t<section class=\"elementor-section elementor-top-section elementor-element elementor-element-8f96956 elementor-section-boxed elementor-section-height-default elementor-section-height-default\" data-id=\"8f96956\" data-element_type=\"section\" data-e-type=\"section\" data-settings=\"{&quot;jet_parallax_layout_list&quot;:[],&quot;background_background&quot;:&quot;classic&quot;}\">\n\t\t\t\t\t\t<div class=\"elementor-container elementor-column-gap-default\">\n\t\t\t\t\t<div class=\"elementor-column elementor-col-100 elementor-top-column elementor-element elementor-element-2cb5626\" data-id=\"2cb5626\" data-element_type=\"column\" data-e-type=\"column\">\n\t\t\t<div class=\"elementor-widget-wrap elementor-element-populated\">\n\t\t\t\t\t\t<div class=\"elementor-element elementor-element-0524157 elementor-widget elementor-widget-text-editor\" data-id=\"0524157\" data-element_type=\"widget\" data-e-type=\"widget\" data-widget_type=\"text-editor.default\">\n\t\t\t\t<div class=\"elementor-widget-container\">\n\t\t\t\t\t\t\t\t\t<h4>I. Introducci\u00f3n<\/h4>\n<p>\u00daltima modificaci\u00f3n: 14 de octubre de 2020<\/p>\n<p>En la Fundaci\u00f3n de Antropolog\u00eda Forense de Guatemala \u2013 FAFG, estamos comprometidos con la seguridad de tus datos y nos comprometemos a mantener esa confianza. Por ello, presentamos nuestras Pol\u00edticas de Privacidad las cuales establecen los t\u00e9rminos en que la FAFG usa y protege la informaci\u00f3n que nos proporcionas al momento de utilizar nuestro sitio web. Cuando pedimos llenar los campos de informaci\u00f3n personal con la cual puedes ser identificado(a), lo hacemos asegurando que la informaci\u00f3n s\u00f3lo se emplear\u00e1 de acuerdo con los t\u00e9rminos de este documento.<\/p>\n<h4><span style=\"background-color: var( --e-global-color-7db29da ); color: inherit; font-family: inherit;\"><br><span style=\"font-size: 1.5rem;\">II. Modificaciones<\/span><\/span><\/h4>\n<p>Esta Pol\u00edtica de Privacidad puede cambiar con el tiempo o ser actualizada, por lo que te recomendamos y enfatizamos revisar continuamente esta p\u00e1gina para asegurarte que est\u00e1s de acuerdo con dichos cambios.<\/p>\n<p><span style=\"color: inherit; font-family: inherit; background-color: var( --e-global-color-7db29da );\">&nbsp;<\/span><\/p>\n<h4>III. Informaci\u00f3n que es recogida<\/h4>\n<p>Nuestro sitio web recopila informaci\u00f3n que t\u00fa nos proporcionas por medio de los formularios de contacto, formularios de suscripci\u00f3n a nuestro bolet\u00edn y registro de inicio de sesi\u00f3n. El tipo de informaci\u00f3n que podr\u00edamos recopilar comprende informaci\u00f3n personal como nombre, correo electr\u00f3nico, n\u00famero telef\u00f3nico y cualquier otra informaci\u00f3n que desees proporcionarnos. Nuestro sitio web tambi\u00e9n recopila informaci\u00f3n general sobre tu actividad en nuestro sitio web utilizando Google Analytics, que incluye, por ejemplo, datos demogr\u00e1ficos, tiempo de la sesi\u00f3n, tipo de navegador, p\u00e1ginas vistas en nuestro sitio web, dispositivo utilizado para navegar en nuestro sitio web.<\/p>\n<p>&nbsp;<\/p>\n<h4>IV. Uso de la informaci\u00f3n recogida<\/h4>\n<p>Nuestro sitio web emplea la informaci\u00f3n con el fin de:<\/p>\n<ul>\n<li>Proporcionar, mantener y mejorar nuestro sitio web.<\/li>\n<li>Responder a tus comentarios, preguntas y solicitudes.<\/li>\n<li>Comunicarnos contigo para brindarte informaci\u00f3n sobre nuestros servicios, noticias, campa\u00f1as y eventos ofrecidos por la FAFG y colaboradores; y cualquier informaci\u00f3n que consideremos relevante para t\u00ed o que pueda brindarte alg\u00fan beneficio. Estos correos electr\u00f3nicos ser\u00e1n enviados a la direcci\u00f3n que t\u00fa proporciones y podr\u00e1n ser cancelados en cualquier momento.<\/li>\n<li>Monitorear y analizar las tendencias y actividades relacionadas con nuestro sitio web para brindarte la mejor experiencia de usuario.<\/li>\n<li>En el caso de nuestros cursos online, la informaci\u00f3n tambi\u00e9n es empleada para administrar de la mejor manera tu cuenta online con nosotros.<\/li>\n<\/ul>\n<p>La FAFG est\u00e1 altamente comprometida para cumplir con el compromiso de mantener tu informaci\u00f3n segura. Usamos los sistemas m\u00e1s avanzados y los actualizamos constantemente para asegurarnos que no exista ning\u00fan acceso no autorizado.<\/p>\n<p>&nbsp;<\/p>\n<h4>V. Enlaces a Terceros<\/h4>\n<p>Este sitio web pudiera contener enlaces a otros sitios que pudieran ser de tu inter\u00e9s. Una vez que seleccionas estos enlaces al hacer \u201cclick\u201d, y abandonas nuestra p\u00e1gina, ya no tenemos control sobre el sitio al que eres redirigido y por lo tanto no somos responsables de los t\u00e9rminos o privacidad ni de la protecci\u00f3n de tus datos en esos otros sitios terceros. Dichos sitios est\u00e1n sujetos a sus propias pol\u00edticas de privacidad por lo cual es recomendable que los consultes para confirmar que est\u00e1s de acuerdo con estas.<\/p>\n<p>&nbsp;<\/p>\n<h4>VI. Control de su informaci\u00f3n personal<\/h4>\n<p>En cualquier momento usted puede restringir la recopilaci\u00f3n o el uso de la informaci\u00f3n personal que es proporcionada a nuestro sitio web. Cada vez que se le solicite rellenar un formulario, puedes elegir la informaci\u00f3n que desees compartir con nosotros. En caso de que hayas optado por recibir nuestro bolet\u00edn por correo electr\u00f3nico, puedes cancelar la suscripci\u00f3n en cualquier momento.<\/p>\n<p>Toda la informaci\u00f3n recopilada es confidencial. La FAFG no vender\u00e1, ceder\u00e1 ni distribuir\u00e1 la informaci\u00f3n personal que es recopilada sin su consentimiento, salvo que sea requerido por un juez con un orden judicial.<\/p>\n<p>La FAFG se reserva el derecho de cambiar los t\u00e9rminos de la presente Pol\u00edtica de Privacidad en cualquier momento.<\/p>\n<p>&nbsp;<\/p>\n<h4>VII. Contact Us<\/h4>\n<p>Si tienes alguna pregunta acerca de nuestras Pol\u00edticas de Privacidad, por favor cont\u00e1ctanos al correo electr\u00f3nico <a href=\"mailto:fafg@fafg.org\">fafg@fafg.org<\/a><\/p>\t\t\t\t\t\t\t\t<\/div>\n\t\t\t\t<\/div>\n\t\t\t\t\t<\/div>\n\t\t<\/div>\n\t\t\t\t\t<\/div>\n\t\t<\/section>\n\t\t\t\t<\/div>\n\t\t","protected":false},"excerpt":{"rendered":"<p>I. Introducci\u00f3n \u00daltima modificaci\u00f3n: 14 de octubre de 2020 En la Fundaci\u00f3n de Antropolog\u00eda Forense de Guatemala \u2013 FAFG, estamos comprometidos con la seguridad de tus datos y nos comprometemos a mantener esa confianza. Por ello, presentamos nuestras Pol\u00edticas de Privacidad las cuales establecen los t\u00e9rminos en que la FAFG usa y protege la informaci\u00f3n [&hellip;]<\/p>\n","protected":false},"author":1,"featured_media":0,"parent":0,"menu_order":10,"comment_status":"closed","ping_status":"closed","template":"","meta":{"footnotes":""},"class_list":["post-9511","page","type-page","status-publish","hentry"],"_links":{"self":[{"href":"https:\/\/fafg.org\/en\/wp-json\/wp\/v2\/pages\/9511","targetHints":{"allow":["GET"]}}],"collection":[{"href":"https:\/\/fafg.org\/en\/wp-json\/wp\/v2\/pages"}],"about":[{"href":"https:\/\/fafg.org\/en\/wp-json\/wp\/v2\/types\/page"}],"author":[{"embeddable":true,"href":"https:\/\/fafg.org\/en\/wp-json\/wp\/v2\/users\/1"}],"replies":[{"embeddable":true,"href":"https:\/\/fafg.org\/en\/wp-json\/wp\/v2\/comments?post=9511"}],"version-history":[{"count":0,"href":"https:\/\/fafg.org\/en\/wp-json\/wp\/v2\/pages\/9511\/revisions"}],"wp:attachment":[{"href":"https:\/\/fafg.org\/en\/wp-json\/wp\/v2\/media?parent=9511"}],"curies":[{"name":"wp","href":"https:\/\/api.w.org\/{rel}","templated":true}]}}